{"id":3850,"date":"2024-11-06T11:23:00","date_gmt":"2024-11-06T09:23:00","guid":{"rendered":"https:\/\/www.acrosstribe.org\/?page_id=3850"},"modified":"2025-02-11T15:51:43","modified_gmt":"2025-02-11T13:51:43","slug":"opintokori","status":"publish","type":"page","link":"https:\/\/www.acrosstribe.org\/?page_id=3850","title":{"rendered":"Opintokori"},"content":{"rendered":"\n<div class=\"wp-block-cover is-light has-black-color has-text-color has-link-color wp-elements-09c327f9ba2ce9468ae65692b4552f2e\" style=\"min-height:800px;aspect-ratio:unset;\"><span aria-hidden=\"true\" class=\"wp-block-cover__background has-white-background-color has-background-dim-0 has-background-dim\"><\/span><div class=\"wp-block-cover__inner-container is-layout-flow wp-block-cover-is-layout-flow\">\n<p class=\"has-text-align-center has-very-dark-gray-color has-text-color has-large-font-size\">OpintoKori<\/p>\n\n\n\n<figure class=\"wp-block-image size-large\"><img data-recalc-dims=\"1\" loading=\"lazy\" decoding=\"async\" width=\"1024\" height=\"216\" src=\"https:\/\/i0.wp.com\/www.acrosstribe.org\/wp-content\/uploads\/book-5077895_1920-e1739281427996-1024x216.jpg?resize=1024%2C216&#038;ssl=1\" alt=\"\" class=\"wp-image-3466\" style=\"object-fit:cover\" srcset=\"https:\/\/i0.wp.com\/www.acrosstribe.org\/wp-content\/uploads\/book-5077895_1920-e1739281427996.jpg?resize=1024%2C216&amp;ssl=1 1024w, https:\/\/i0.wp.com\/www.acrosstribe.org\/wp-content\/uploads\/book-5077895_1920-e1739281427996.jpg?resize=300%2C63&amp;ssl=1 300w, https:\/\/i0.wp.com\/www.acrosstribe.org\/wp-content\/uploads\/book-5077895_1920-e1739281427996.jpg?resize=768%2C162&amp;ssl=1 768w, https:\/\/i0.wp.com\/www.acrosstribe.org\/wp-content\/uploads\/book-5077895_1920-e1739281427996.jpg?resize=1536%2C323&amp;ssl=1 1536w, https:\/\/i0.wp.com\/www.acrosstribe.org\/wp-content\/uploads\/book-5077895_1920-e1739281427996.jpg?w=1900&amp;ssl=1 1900w\" sizes=\"auto, (max-width: 1024px) 100vw, 1024px\" \/><\/figure>\n\n\n\n<hr class=\"wp-block-separator has-text-color has-vivid-cyan-blue-color has-alpha-channel-opacity has-vivid-cyan-blue-background-color has-background is-style-wide\"\/>\n\n\n\n<div class=\"wp-block-group\"><div class=\"wp-block-group__inner-container is-layout-flow wp-block-group-is-layout-flow\">\n<hr class=\"wp-block-separator has-text-color has-pale-cyan-blue-color has-alpha-channel-opacity has-pale-cyan-blue-background-color has-background is-style-wide\"\/>\n\n\n\n<p class=\"has-text-align-center has-very-dark-gray-color has-text-color has-background has-medium-font-size\" style=\"background-color:#ffffffcc;font-style:normal;font-weight:200\"><span class=\"has-inline-color has-very-dark-gray-color\"><strong>AcT -koulun kurssikokonaisuudet ovat kattavia ja antavat tarvittavat perustiedot oppijalle. Oheisista linkeist\u00e4 l\u00f6yd\u00e4t  linja-kohtaisen luettelon kursseista. <\/strong><\/span><\/p>\n\n\n\n<hr class=\"wp-block-separator has-text-color has-pale-cyan-blue-color has-alpha-channel-opacity has-pale-cyan-blue-background-color has-background is-style-wide\"\/>\n\n\n\n<div class=\"wp-block-buttons is-content-justification-center is-layout-flex wp-container-core-buttons-is-layout-16018d1d wp-block-buttons-is-layout-flex\">\n<div class=\"wp-block-button is-style-fill\"><a class=\"wp-block-button__link has-very-dark-gray-color has-white-background-color has-text-color has-background wp-element-button\" href=\"https:\/\/www.acrosstribe.org\/?p=3993\" style=\"border-radius:50px\"><strong>AcT -1st<\/strong><\/a><\/div>\n\n\n\n<div class=\"wp-block-button\"><a class=\"wp-block-button__link has-very-dark-gray-color has-white-background-color has-text-color has-background wp-element-button\" href=\"https:\/\/www.acrosstribe.org\/?p=4015\" style=\"border-radius:50px\"><strong>AcT -2nd<\/strong><\/a><\/div>\n\n\n\n<div class=\"wp-block-button\"><a class=\"wp-block-button__link has-very-dark-gray-color has-white-background-color has-text-color has-background wp-element-button\" href=\"https:\/\/www.acrosstribe.org\/?p=3982\" style=\"border-radius:50px\"><strong>AcT -M1 UMC<\/strong><\/a><\/div>\n<\/div>\n\n\n\n<p class=\"has-text-align-center has-very-dark-gray-color has-text-color has-background\" style=\"background-color:#ffffffc9;font-style:normal;font-weight:100\"><strong>Koulumme eri linjoilla osa kursseista on samoja<\/strong>. <strong>Haluamme vastata my\u00f6s yksil\u00f6llisen kutsun tarpeisiin ja voimme &#8221; r\u00e4\u00e4t\u00e4l\u00f6id\u00e4&#8221; jokaiselle sopivan oppimisen polun. K\u00e4yt\u00f6ss\u00e4si on<\/strong> <span class=\"has-inline-color has-very-dark-gray-color\"><strong>Opintokori jonka tarjonnasta voit valita lis\u00e4\u00e4 itsellesi tarpeellisia kursseja. Opinto -ohjaajamme auttavat sinua valinnoissa. Koria p\u00e4ivitet\u00e4\u00e4n jatkuvasti.<\/strong><\/span><strong>   Tutustu my\u00f6s Avoimen Koulun ja Pajojen kurssi tarjontaan.   LuokkaHuoneet tarjoavat lyhyt- ja pitk\u00e4kestoisia kursseja ja koulutuksia yhdess\u00e4 AcT:n kumppaneiden kanssa<\/strong>. <strong>Polku : &#8211; jokaiselle oppijalle &#8221;<strong>r\u00e4\u00e4t\u00e4l\u00f6id\u00e4\u00e4n<\/strong>&#8221; henkil\u00f6kohtainen kurssisuunnitelma.<\/strong> <strong>Klikkaa allaolevia linkkej\u00e4<\/strong><\/p>\n\n\n\n<p class=\"has-text-align-center has-vivid-cyan-blue-color has-text-color has-medium-font-size\"><strong><em>Sivut viel\u00e4 ty\u00f6n alla ! Aukeavat l\u00e4hip\u00e4ivin\u00e4.  Kiitos k\u00e4rsiv\u00e4llisyydest\u00e4si<\/em><\/strong><\/p>\n<\/div><\/div>\n\n\n\n<div class=\"wp-block-buttons is-content-justification-center is-layout-flex wp-container-core-buttons-is-layout-16018d1d wp-block-buttons-is-layout-flex\">\n<div class=\"wp-block-button\"><a class=\"wp-block-button__link has-very-dark-gray-color has-white-background-color has-text-color has-background wp-element-button\" style=\"border-radius:50px\">Avoin Koulu<\/a><\/div>\n\n\n\n<div class=\"wp-block-button\"><a class=\"wp-block-button__link has-very-dark-gray-color has-white-background-color has-text-color has-background wp-element-button\" style=\"border-radius:50px\">Paja<\/a><\/div>\n\n\n\n<div class=\"wp-block-button is-style-fill\"><a class=\"wp-block-button__link has-very-dark-gray-color has-white-background-color has-text-color has-background wp-element-button\" style=\"border-radius:50px\">OPINTOKORI<\/a><\/div>\n\n\n\n<div class=\"wp-block-button\"><a class=\"wp-block-button__link has-very-dark-gray-color has-white-background-color has-text-color has-background wp-element-button\" style=\"border-radius:50px\">Matka<\/a><\/div>\n\n\n\n<div class=\"wp-block-button\"><a class=\"wp-block-button__link has-very-dark-gray-color has-white-background-color has-text-color has-background wp-element-button\" style=\"border-radius:50px\">LuokkaHuone<\/a><\/div>\n<\/div>\n\n\n<div class=\"wp-block-image\">\n<figure class=\"aligncenter size-large\"><a href=\"https:\/\/www.acrosstribe.org\"><img data-recalc-dims=\"1\" loading=\"lazy\" decoding=\"async\" width=\"194\" height=\"49\" src=\"https:\/\/i0.wp.com\/www.acrosstribe.org\/wp-content\/uploads\/2020\/03\/ACT-logo.png?resize=194%2C49&#038;ssl=1\" alt=\"\" class=\"wp-image-1264\"\/><\/a><\/figure>\n<\/div><\/div><\/div>\n\n\n\n<hr class=\"wp-block-separator has-text-color has-vivid-cyan-blue-color has-alpha-channel-opacity has-vivid-cyan-blue-background-color has-background is-style-wide\"\/>\n","protected":false},"excerpt":{"rendered":"","protected":false},"author":1,"featured_media":0,"parent":0,"menu_order":0,"comment_status":"closed","ping_status":"closed","template":"","meta":{"sns_share_botton_hide":"","vkExUnit_sns_title":"","_vk_print_noindex":"","sitemap_hide":"","vkExUnit_sitemap":"","_veu_custom_css":"","veu_display_promotion_alert":"common","_exclude_from_list_pages":"","vkexunit_cta_each_option":"","vkExUnit_childPageIndex":"","vkExUnit_pageList_ancestor":"","vkExUnit_contact_enable":"","_lightning_design_setting":{"layout":"default"},"footnotes":""},"class_list":["post-3850","page","type-page","status-publish","hentry"],"veu_head_title_object":{"title":"","add_site_title":""},"jetpack_sharing_enabled":true,"_links":{"self":[{"href":"https:\/\/www.acrosstribe.org\/index.php?rest_route=\/wp\/v2\/pages\/3850","targetHints":{"allow":["GET"]}}],"collection":[{"href":"https:\/\/www.acrosstribe.org\/index.php?rest_route=\/wp\/v2\/pages"}],"about":[{"href":"https:\/\/www.acrosstribe.org\/index.php?rest_route=\/wp\/v2\/types\/page"}],"author":[{"embeddable":true,"href":"https:\/\/www.acrosstribe.org\/index.php?rest_route=\/wp\/v2\/users\/1"}],"replies":[{"embeddable":true,"href":"https:\/\/www.acrosstribe.org\/index.php?rest_route=%2Fwp%2Fv2%2Fcomments&post=3850"}],"version-history":[{"count":62,"href":"https:\/\/www.acrosstribe.org\/index.php?rest_route=\/wp\/v2\/pages\/3850\/revisions"}],"predecessor-version":[{"id":8197,"href":"https:\/\/www.acrosstribe.org\/index.php?rest_route=\/wp\/v2\/pages\/3850\/revisions\/8197"}],"wp:attachment":[{"href":"https:\/\/www.acrosstribe.org\/index.php?rest_route=%2Fwp%2Fv2%2Fmedia&parent=3850"}],"curies":[{"name":"wp","href":"https:\/\/api.w.org\/{rel}","templated":true}]}}