{"id":6663,"date":"2024-10-08T14:26:31","date_gmt":"2024-10-08T11:26:31","guid":{"rendered":"https:\/\/www.acrosstribe.org\/?page_id=6663"},"modified":"2025-08-08T22:25:18","modified_gmt":"2025-08-08T19:25:18","slug":"act-info","status":"publish","type":"page","link":"https:\/\/www.acrosstribe.org\/?page_id=6663","title":{"rendered":"AcrossTribe &#8211; info"},"content":{"rendered":"\n<div class=\"wp-block-cover is-light wp-duotone-unset-1\" style=\"min-height:484px;aspect-ratio:unset;\"><span aria-hidden=\"true\" class=\"wp-block-cover__background has-background-dim-0 has-background-dim\"><\/span><div class=\"wp-block-cover__inner-container is-layout-flow wp-block-cover-is-layout-flow\">\n<p class=\"has-text-align-center vk_block-margin-xxs--margin-top has-black-color has-text-color\" style=\"font-size:25px;font-style:normal;font-weight:300\">&#8211; AcT -Koulutus &#8211;<\/p>\n\n\n\n<h2 class=\"wp-block-heading has-text-align-left is-style-vk-heading-both_ends has-white-color has-vivid-cyan-blue-background-color has-text-color has-background has-large-font-size\" id=\"acrosstribe\" style=\"font-style:normal;font-weight:300;text-transform:capitalize\"><span class=\"vk-heading__text-wrapper\">AcrossTribe?<\/span><\/h2>\n\n\n\n<hr class=\"wp-block-separator has-text-color has-vivid-cyan-blue-color has-alpha-channel-opacity has-vivid-cyan-blue-background-color has-background is-style-wide\"\/>\n\n\n\n<p class=\"has-text-align-left has-black-color has-text-color\" style=\"font-size:20px;font-style:normal;font-weight:300\"><strong>AcrossTribe<\/strong> <strong>on yhteis\u00f6jen heimo, Hyv\u00e4n ja tekij\u00f6iden verkosto.<\/strong><\/p>\n\n\n\n<p class=\"has-text-align-left has-black-color has-text-color\" style=\"font-size:18px;font-style:normal;font-weight:200\"><strong>AcrossTribe&nbsp;on&nbsp;\u201dkasvualusta\u201d, palveluiden, erilaisten resurssien sek\u00e4 koulutuksen tuottaja ja v\u00e4litt\u00e4j\u00e4.<\/strong><\/p>\n\n\n\n<p>Taustayhteis\u00f6n\u00e4mme toimii Suomen Metodistikirkko joka on osa kansainv\u00e4list\u00e4  United Methodist Church:ia.<\/p>\n\n\n\n<hr class=\"wp-block-separator has-text-color has-vivid-red-color has-alpha-channel-opacity has-vivid-red-background-color has-background\"\/>\n<\/div><\/div>\n\n\n\n<figure class=\"wp-block-gallery has-nested-images columns-default is-cropped wp-block-gallery-2 is-layout-flex wp-block-gallery-is-layout-flex\">\n<figure class=\"wp-block-image size-large is-style-vk-image-photoFrame\"><img data-recalc-dims=\"1\" loading=\"lazy\" decoding=\"async\" width=\"1140\" height=\"761\" data-id=\"6301\" src=\"https:\/\/i0.wp.com\/www.acrosstribe.org\/wp-content\/uploads\/2022\/01\/the-conference-3248255_1920.jpg?resize=1140%2C761&#038;ssl=1\" alt=\"\" class=\"wp-image-6301\" srcset=\"https:\/\/i0.wp.com\/www.acrosstribe.org\/wp-content\/uploads\/2022\/01\/the-conference-3248255_1920.jpg?w=1920&amp;ssl=1 1920w, https:\/\/i0.wp.com\/www.acrosstribe.org\/wp-content\/uploads\/2022\/01\/the-conference-3248255_1920.jpg?resize=300%2C200&amp;ssl=1 300w, https:\/\/i0.wp.com\/www.acrosstribe.org\/wp-content\/uploads\/2022\/01\/the-conference-3248255_1920.jpg?resize=1024%2C683&amp;ssl=1 1024w, https:\/\/i0.wp.com\/www.acrosstribe.org\/wp-content\/uploads\/2022\/01\/the-conference-3248255_1920.jpg?resize=768%2C512&amp;ssl=1 768w, https:\/\/i0.wp.com\/www.acrosstribe.org\/wp-content\/uploads\/2022\/01\/the-conference-3248255_1920.jpg?resize=1536%2C1025&amp;ssl=1 1536w\" sizes=\"auto, (max-width: 1140px) 100vw, 1140px\" \/><\/figure>\n\n\n\n<figure class=\"wp-block-image size-large is-style-vk-image-photoFrame\"><img data-recalc-dims=\"1\" loading=\"lazy\" decoding=\"async\" width=\"1140\" height=\"760\" data-id=\"6298\" src=\"https:\/\/i0.wp.com\/www.acrosstribe.org\/wp-content\/uploads\/2022\/01\/track-5661555_1920.jpg?resize=1140%2C760&#038;ssl=1\" alt=\"\" class=\"wp-image-6298\" srcset=\"https:\/\/i0.wp.com\/www.acrosstribe.org\/wp-content\/uploads\/2022\/01\/track-5661555_1920.jpg?w=1920&amp;ssl=1 1920w, https:\/\/i0.wp.com\/www.acrosstribe.org\/wp-content\/uploads\/2022\/01\/track-5661555_1920.jpg?resize=300%2C200&amp;ssl=1 300w, https:\/\/i0.wp.com\/www.acrosstribe.org\/wp-content\/uploads\/2022\/01\/track-5661555_1920.jpg?resize=1024%2C683&amp;ssl=1 1024w, https:\/\/i0.wp.com\/www.acrosstribe.org\/wp-content\/uploads\/2022\/01\/track-5661555_1920.jpg?resize=768%2C512&amp;ssl=1 768w, https:\/\/i0.wp.com\/www.acrosstribe.org\/wp-content\/uploads\/2022\/01\/track-5661555_1920.jpg?resize=1536%2C1024&amp;ssl=1 1536w\" sizes=\"auto, (max-width: 1140px) 100vw, 1140px\" \/><\/figure>\n\n\n\n<figure class=\"wp-block-image size-large is-style-vk-image-photoFrame\"><img data-recalc-dims=\"1\" loading=\"lazy\" decoding=\"async\" width=\"1024\" height=\"539\" data-id=\"6579\" src=\"https:\/\/i0.wp.com\/www.acrosstribe.org\/wp-content\/uploads\/2022\/05\/books-4827024_1920.jpg?resize=1024%2C539&#038;ssl=1\" alt=\"\" class=\"wp-image-6579\" srcset=\"https:\/\/i0.wp.com\/www.acrosstribe.org\/wp-content\/uploads\/2022\/05\/books-4827024_1920.jpg?resize=1024%2C539&amp;ssl=1 1024w, https:\/\/i0.wp.com\/www.acrosstribe.org\/wp-content\/uploads\/2022\/05\/books-4827024_1920.jpg?resize=300%2C158&amp;ssl=1 300w, https:\/\/i0.wp.com\/www.acrosstribe.org\/wp-content\/uploads\/2022\/05\/books-4827024_1920.jpg?resize=768%2C404&amp;ssl=1 768w, https:\/\/i0.wp.com\/www.acrosstribe.org\/wp-content\/uploads\/2022\/05\/books-4827024_1920.jpg?resize=1536%2C809&amp;ssl=1 1536w, https:\/\/i0.wp.com\/www.acrosstribe.org\/wp-content\/uploads\/2022\/05\/books-4827024_1920.jpg?w=1920&amp;ssl=1 1920w\" sizes=\"auto, (max-width: 1024px) 100vw, 1024px\" \/><\/figure>\n<\/figure>\n\n\n\n<div class=\"wp-block-columns is-layout-flex wp-container-core-columns-is-layout-9d6595d7 wp-block-columns-is-layout-flex\">\n<div class=\"wp-block-column is-layout-flow wp-block-column-is-layout-flow\">\n<hr class=\"wp-block-separator has-text-color has-vivid-red-color has-alpha-channel-opacity has-vivid-red-background-color has-background is-style-wide\"\/>\n\n\n\n<p class=\"has-black-color has-text-color has-background\" id=\"block-dc093cc3-68ba-422c-9a80-8edd151499e5\" style=\"background-color:#f3f3f3;font-size:18px\"><strong>AcT -koulutus:<\/strong><\/p>\n\n\n\n<p class=\"has-black-color has-text-color\" id=\"block-d1103c4f-8e13-4fd4-9122-284e1a3af314\" style=\"font-size:18px\">Tekev\u00e4n\u00e4 yhteis\u00f6n\u00e4 Acrosstribe innovoi verkostoa jossa tarve, tieto ja teot kohtaavat.<\/p>\n\n\n\n<p class=\"has-black-color has-white-background-color has-text-color has-background\" id=\"block-740c5a3f-2d6a-40c1-83ef-b09c8fc26802\" style=\"padding-top:0;padding-bottom:0;font-size:20px;font-style:normal;font-weight:200\"><\/p>\n\n\n\n<hr class=\"wp-block-separator has-text-color has-vivid-red-color has-alpha-channel-opacity has-vivid-red-background-color has-background\"\/>\n\n\n\n<p class=\"has-black-color has-white-background-color has-text-color has-background\" id=\"block-2bd88b7b-883e-4ecd-be2e-03c40dc7fabd\" style=\"padding-top:0;padding-bottom:0;font-size:20px;font-style:normal;font-weight:200\"><strong>AcT -Koulutus<\/strong><\/p>\n\n\n\n<p class=\"has-black-color has-text-color\" id=\"block-050ae087-6878-467d-ac2b-86004e435f2a\" style=\"font-size:18px;font-style:normal;font-weight:100\"><strong>T<\/strong>oteuttaa yhteis\u00f6ss\u00e4mme koulutuspalveluja yhteisty\u00f6ss\u00e4 ja vuorovaikutuksessa kumppanien kanssa.<\/p>\n\n\n\n<hr class=\"wp-block-separator has-text-color has-vivid-red-color has-alpha-channel-opacity has-vivid-red-background-color has-background\"\/>\n\n\n\n<p class=\"has-text-align-left has-black-color has-text-color\" style=\"font-size:18px;font-style:normal;font-weight:200\"><strong>O<\/strong>lemme oppiva yhteis\u00f6 joka j\u00e4rjest\u00e4\u00e4 koulutusta ja soveltaa oppimaansa yksin ja yhdess\u00e4 kaikkien parhaaksi. <strong>Y<\/strong>hteis\u00f6n\u00e4 j\u00e4rjest\u00e4mme koulutusta tarpeen mukaan ja yhteis\u00f6n\u00e4 mahdollistammme uusien innovaatioiden kokeilua ja toteutumista.<\/p>\n\n\n\n<hr class=\"wp-block-separator has-text-color has-vivid-red-color has-alpha-channel-opacity has-vivid-red-background-color has-background\"\/>\n\n\n\n<h4 class=\"wp-block-heading has-medium-font-size\" style=\"font-style:normal;font-weight:300\"><strong>Hyv\u00e4n Koulu<\/strong><\/h4>\n\n\n\n<p class=\"has-text-align-left has-black-color has-text-color\" style=\"font-size:18px;font-style:normal;font-weight:200\"><strong>O<\/strong>ppimista Yhteis\u00f6ss\u00e4 tukee Hyv\u00e4n Koulu, jossa voi opiskella henkist\u00e4 ja hengellist\u00e4 hyvinvointia ett\u00e4 sosiaalista kanssak\u00e4ymist\u00e4 sek\u00e4 johtajuutta, tiimity\u00f6t\u00e4 jne. <strong>K<\/strong>umppaninamme toimii Suomen Metodistikirkko.<\/p>\n\n\n\n<hr class=\"wp-block-separator has-text-color has-vivid-red-color has-alpha-channel-opacity has-vivid-red-background-color has-background\"\/>\n\n\n\n<p class=\"has-text-align-left has-black-color has-text-color\" style=\"font-size:18px;font-style:normal;font-weight:200\"><strong>T<\/strong>oivotamme tervetulleeksi jokaisen joka kunnioittaa arvojamme ja haluaa persoonallaan, taidoillaan ja ideoillaan olla yhdess\u00e4 rakentamassa jokaiselle parempaa maailmaa.<\/p>\n<\/div>\n\n\n\n<div class=\"wp-block-column is-layout-flow wp-block-column-is-layout-flow\">\n<hr class=\"wp-block-separator has-text-color has-vivid-red-color has-alpha-channel-opacity has-vivid-red-background-color has-background\"\/>\n\n\n\n<p class=\"has-text-align-left has-black-color has-text-color has-medium-font-size\" style=\"font-style:normal;font-weight:200\"><mark style=\"background-color:rgba(0, 0, 0, 0)\" class=\"has-inline-color has-black-color\">Mit\u00e4 hyv\u00e4\u00e4 muille<\/mark>?<\/p>\n\n\n\n<p class=\"has-text-align-left has-black-color has-text-color\" style=\"font-size:18px;font-style:normal;font-weight:200\"><strong>K<\/strong>un tuomme tietomme ja osaamisemme uutta innovoivaan tekemisen ymp\u00e4rist\u00f6\u00f6n mahdollistamme samalla yhdess\u00e4 oppimisen ja voimme saada aikaan niin ajattelun, kuin tekemisenkin muutosta. <strong>T<\/strong>\u00e4m\u00e4 haastaa my\u00f6s meit\u00e4 itse\u00e4mme.<\/p>\n\n\n\n<hr class=\"wp-block-separator has-text-color has-vivid-red-color has-alpha-channel-opacity has-vivid-red-background-color has-background\"\/>\n\n\n\n<p class=\"has-black-color has-white-background-color has-text-color has-background has-medium-font-size\" style=\"font-style:normal;font-weight:200\"><strong>Mit\u00e4 hyv\u00e4\u00e4 minulle?<\/strong><\/p>\n\n\n\n<p class=\"has-text-align-left has-black-color has-text-color\" style=\"font-size:18px;font-style:normal;font-weight:200\"><strong>Y<\/strong>hteis\u00f6ss\u00e4 ja sen verkostoissa opimme uusia asioita ja saamme ideoita omaan tekemiseemme ja el\u00e4m\u00e4\u00e4mme.&nbsp;<strong>O<\/strong>pimme samalla ett\u00e4 samaan lopputulokseen, jos ei jopa parempaankin voi p\u00e4\u00e4st\u00e4 niin monella eli tavalla.&nbsp;<strong>Y<\/strong>hteis\u00f6ss\u00e4 mukana oleminen ja yhdess\u00e4 tekeminen rikastuttaa olemistamme. <strong>T<\/strong>ekij\u00f6iden verkosto resursseineen luovat uutta n\u00e4k\u00f6kulmaa tekemiseemme ja el\u00e4m\u00e4\u00e4mme.<\/p>\n\n\n\n<hr class=\"wp-block-separator has-text-color has-vivid-red-color has-alpha-channel-opacity has-vivid-red-background-color has-background\"\/>\n\n\n\n<p class=\"has-text-align-left has-black-color has-text-color has-medium-font-size\" style=\"font-style:normal;font-weight:200\"><strong>Mit\u00e4 hyv\u00e4\u00e4 yhdess\u00e4?<\/strong><\/p>\n\n\n\n<p class=\"has-text-align-left has-black-color has-text-color\" style=\"font-size:18px;font-style:normal;font-weight:200\"><strong>J<\/strong>okainen meist\u00e4, valinnoillaan ja teoillaan, j\u00e4tt\u00e4\u00e4 j\u00e4lkens\u00e4 t\u00e4h\u00e4n maailmaan ja kohtaamiimme ihmisiin.&nbsp;<strong>Y<\/strong>ksin voimme tehd\u00e4 paljon hyv\u00e4\u00e4 ja yhdess\u00e4 voimme tehd\u00e4 enemm\u00e4n.<\/p>\n\n\n\n<p class=\"has-text-align-left has-black-color has-text-color\" style=\"font-size:18px;font-style:normal;font-weight:200\"><strong>Y<\/strong>hteis\u00f6n\u00e4 olemme tekem\u00e4ss\u00e4 maailmasta parempaa paikkaa asua ja el\u00e4\u00e4. <strong>T<\/strong>uotamme ja innovoimme yhdess\u00e4 toimintoja ja tapoja jotka saavat aikaan kest\u00e4v\u00e4\u00e4 hyv\u00e4\u00e4, niin henkisen- hengellisen kuin fyysisen olemassaolon ja elinymp\u00e4rist\u00f6mme osalta.<\/p>\n\n\n\n<hr class=\"wp-block-separator has-text-color has-vivid-red-color has-alpha-channel-opacity has-vivid-red-background-color has-background\"\/>\n<\/div>\n<\/div>\n\n\n\n<figure class=\"wp-block-gallery has-nested-images columns-default is-cropped wp-block-gallery-3 is-layout-flex wp-block-gallery-is-layout-flex\"><div class=\"wp-block-image is-style-vk-image-shadow\">\n<figure class=\"alignright size-full\"><img data-recalc-dims=\"1\" loading=\"lazy\" decoding=\"async\" width=\"1140\" height=\"360\" data-id=\"4110\" src=\"https:\/\/i0.wp.com\/www.acrosstribe.org\/wp-content\/uploads\/2020\/06\/writing-828911_1920-e1733831811462.jpg?resize=1140%2C360&#038;ssl=1\" alt=\"\" class=\"wp-image-4110\" srcset=\"https:\/\/i0.wp.com\/www.acrosstribe.org\/wp-content\/uploads\/2020\/06\/writing-828911_1920-e1733831811462.jpg?w=1900&amp;ssl=1 1900w, https:\/\/i0.wp.com\/www.acrosstribe.org\/wp-content\/uploads\/2020\/06\/writing-828911_1920-e1733831811462.jpg?resize=300%2C95&amp;ssl=1 300w, https:\/\/i0.wp.com\/www.acrosstribe.org\/wp-content\/uploads\/2020\/06\/writing-828911_1920-e1733831811462.jpg?resize=1024%2C323&amp;ssl=1 1024w, https:\/\/i0.wp.com\/www.acrosstribe.org\/wp-content\/uploads\/2020\/06\/writing-828911_1920-e1733831811462.jpg?resize=768%2C243&amp;ssl=1 768w, https:\/\/i0.wp.com\/www.acrosstribe.org\/wp-content\/uploads\/2020\/06\/writing-828911_1920-e1733831811462.jpg?resize=1536%2C485&amp;ssl=1 1536w\" sizes=\"auto, (max-width: 1140px) 100vw, 1140px\" \/><\/figure>\n<\/div><\/figure>\n\n\n\n<hr class=\"wp-block-separator has-text-color has-vivid-red-color has-alpha-channel-opacity has-vivid-red-background-color has-background is-style-wide\"\/>\n\n\n\n<p><\/p>\n<section class=\"veu_contact veu_contentAddSection vk_contact veu_card veu_contact-layout-horizontal\"><div class=\"contact_frame veu_card_inner\"><p class=\"contact_txt\"><span class=\"contact_txt_catch\">Soita \/ Call:<\/span><span class=\"contact_txt_tel veu_color_txt_key\"><i class=\"contact_txt_tel_icon fas fa-phone\"><\/i>Huom! Yhteydenotot s\u00e4hk\u00f6postitse<\/span><span class=\"contact_txt_time\">Toimisto avoinna 10:00 - 15:00 ( Ma -Pe ) Office hours 10:00 - 15:00 [ Weekdays ]<\/span><\/p><a href=\"https:\/\/www.acrosstribe.org\/?page_id=136\u2197\" target=\"_blank\" class=\"btn btn-primary btn-lg contact_bt\"><span class=\"contact_bt_txt\"><i class=\"fa-regular fa-envelope\"><\/i> Contact Us \/ Ota yhteytt\u00e4 <i class=\"fa-regular fa-circle-right\"><\/i><\/span><\/a><\/div><\/section>","protected":false},"excerpt":{"rendered":"<p>AcT -koulutus: Tekev\u00e4n\u00e4 yhteis\u00f6n\u00e4 Acrosstribe innovoi verkostoa jossa tarve, tieto ja teot kohtaavat. AcT -Koulutus Toteuttaa yhteis\u00f6ss\u00e4mme koulutuspalveluja yhteisty\u00f6ss\u00e4 ja vuorovaikutuksessa kumppanien kanssa. Olemme oppiva yhteis\u00f6 joka j\u00e4rjest\u00e4\u00e4 koulutusta ja [&hellip;]<\/p>\n","protected":false},"author":1,"featured_media":0,"parent":0,"menu_order":0,"comment_status":"closed","ping_status":"closed","template":"","meta":{"sns_share_botton_hide":"","vkExUnit_sns_title":"","_vk_print_noindex":"","sitemap_hide":"","vkExUnit_sitemap":"","_veu_custom_css":"","veu_display_promotion_alert":"common","_exclude_from_list_pages":"","vkexunit_cta_each_option":"","vkExUnit_childPageIndex":"","vkExUnit_pageList_ancestor":"","vkExUnit_contact_enable":"on","_lightning_design_setting":{"layout":"col-one","hidden_page_header":"true"},"footnotes":""},"class_list":["post-6663","page","type-page","status-publish","hentry"],"veu_head_title_object":{"title":"","add_site_title":""},"jetpack_sharing_enabled":true,"_links":{"self":[{"href":"https:\/\/www.acrosstribe.org\/index.php?rest_route=\/wp\/v2\/pages\/6663","targetHints":{"allow":["GET"]}}],"collection":[{"href":"https:\/\/www.acrosstribe.org\/index.php?rest_route=\/wp\/v2\/pages"}],"about":[{"href":"https:\/\/www.acrosstribe.org\/index.php?rest_route=\/wp\/v2\/types\/page"}],"author":[{"embeddable":true,"href":"https:\/\/www.acrosstribe.org\/index.php?rest_route=\/wp\/v2\/users\/1"}],"replies":[{"embeddable":true,"href":"https:\/\/www.acrosstribe.org\/index.php?rest_route=%2Fwp%2Fv2%2Fcomments&post=6663"}],"version-history":[{"count":55,"href":"https:\/\/www.acrosstribe.org\/index.php?rest_route=\/wp\/v2\/pages\/6663\/revisions"}],"predecessor-version":[{"id":8404,"href":"https:\/\/www.acrosstribe.org\/index.php?rest_route=\/wp\/v2\/pages\/6663\/revisions\/8404"}],"wp:attachment":[{"href":"https:\/\/www.acrosstribe.org\/index.php?rest_route=%2Fwp%2Fv2%2Fmedia&parent=6663"}],"curies":[{"name":"wp","href":"https:\/\/api.w.org\/{rel}","templated":true}]}}