{"id":6914,"date":"2024-12-05T11:48:04","date_gmt":"2024-12-05T09:48:04","guid":{"rendered":"https:\/\/www.acrosstribe.org\/?page_id=6914"},"modified":"2025-01-21T19:03:19","modified_gmt":"2025-01-21T17:03:19","slug":"act-koul","status":"publish","type":"page","link":"https:\/\/www.acrosstribe.org\/?page_id=6914","title":{"rendered":"&#8211; AcT -koulutus:  Ovi uuteen&#8230;"},"content":{"rendered":"\n<div class=\"wp-block-cover is-light\" style=\"min-height:300px;aspect-ratio:unset;\"><span aria-hidden=\"true\" class=\"wp-block-cover__background has-background-dim\" style=\"background-color:#f4f4f4\"><\/span><div class=\"wp-block-cover__inner-container is-layout-flow wp-block-cover-is-layout-flow\">\n<div class=\"wp-block-columns is-layout-flex wp-container-core-columns-is-layout-9d6595d7 wp-block-columns-is-layout-flex\">\n<div class=\"wp-block-column is-layout-flow wp-block-column-is-layout-flow\">\n<figure class=\"wp-block-image size-large is-resized is-style-vk-image-border\"><img data-recalc-dims=\"1\" loading=\"lazy\" decoding=\"async\" width=\"1024\" height=\"546\" src=\"https:\/\/i0.wp.com\/www.acrosstribe.org\/wp-content\/uploads\/2023\/03\/doors-g0ac4c3acc_1920.jpg?resize=1024%2C546&#038;ssl=1\" alt=\"\" class=\"wp-image-7496\" style=\"object-fit:cover;width:1900px;height:300px\" srcset=\"https:\/\/i0.wp.com\/www.acrosstribe.org\/wp-content\/uploads\/2023\/03\/doors-g0ac4c3acc_1920.jpg?resize=1024%2C546&amp;ssl=1 1024w, https:\/\/i0.wp.com\/www.acrosstribe.org\/wp-content\/uploads\/2023\/03\/doors-g0ac4c3acc_1920.jpg?resize=300%2C160&amp;ssl=1 300w, https:\/\/i0.wp.com\/www.acrosstribe.org\/wp-content\/uploads\/2023\/03\/doors-g0ac4c3acc_1920.jpg?resize=768%2C410&amp;ssl=1 768w, https:\/\/i0.wp.com\/www.acrosstribe.org\/wp-content\/uploads\/2023\/03\/doors-g0ac4c3acc_1920.jpg?resize=1536%2C819&amp;ssl=1 1536w, https:\/\/i0.wp.com\/www.acrosstribe.org\/wp-content\/uploads\/2023\/03\/doors-g0ac4c3acc_1920.jpg?resize=410%2C220&amp;ssl=1 410w, https:\/\/i0.wp.com\/www.acrosstribe.org\/wp-content\/uploads\/2023\/03\/doors-g0ac4c3acc_1920.jpg?w=1920&amp;ssl=1 1920w\" sizes=\"auto, (max-width: 1024px) 100vw, 1024px\" \/><\/figure>\n<\/div>\n<\/div>\n\n\n\n<p class=\"has-text-align-center has-black-color has-white-background-color has-text-color has-background\" style=\"font-size:23px;font-style:normal;font-weight:100\">&#8211; Kursseja ja Webinaareja Sinulle &#8211;<\/p>\n\n\n\n<hr class=\"wp-block-separator has-text-color has-vivid-cyan-blue-color has-alpha-channel-opacity has-vivid-cyan-blue-background-color has-background is-style-wide\"\/>\n\n\n\n<p class=\"has-text-align-center vk_block-margin-0--margin-top has-black-color has-white-background-color has-text-color has-background\" style=\"font-size:20px;font-style:normal;font-weight:100;text-decoration:underline\">Tulossa kev\u00e4t 2025- syksy 2025 : ( p\u00e4ivit\u00e4mme listaa koko ajan )<\/p>\n\n\n\n<div class=\"wp-block-columns has-white-color has-text-color is-layout-flex wp-container-core-columns-is-layout-66d11289 wp-block-columns-is-layout-flex\" style=\"padding-top:var(--wp--preset--spacing--20);padding-bottom:var(--wp--preset--spacing--20)\">\n<div class=\"wp-block-column is-layout-flow wp-block-column-is-layout-flow\" style=\"flex-basis:50%\">\n<div class=\"wp-block-buttons is-layout-flex wp-block-buttons-is-layout-flex\">\n<div class=\"wp-block-button is-style-outline is-style-outline--1\"><a class=\"wp-block-button__link has-text-color has-background has-link-color wp-element-button\" style=\"border-radius:0px;color:#0e83d7;background-color:#f8f9fa\">AcT -Illat:<\/a><\/div>\n<\/div>\n\n\n\n<p class=\"has-black-color has-text-color has-link-color wp-elements-2636887a95d4b8fb76814301c237336c\" style=\"font-size:18px;font-style:normal;font-weight:200\">Kuuleeko Jumala? &#8211; t\u00e4\u00e4ll\u00e4 ihminen: Kurssit alkaa 07.09.2024. Joka toinen torstai. -Lis\u00e4tietoja tulossa.<\/p>\n\n\n\n<p><\/p>\n\n\n\n<div class=\"wp-block-buttons is-layout-flex wp-block-buttons-is-layout-flex\">\n<div class=\"wp-block-button is-style-outline is-style-outline--2\"><a class=\"wp-block-button__link has-vivid-cyan-blue-color has-text-color has-background has-link-color wp-element-button\" style=\"border-radius:0px;background-color:#fafafa\">AcT -1st \/ Opetuslapseus:<\/a><\/div>\n<\/div>\n\n\n\n<p class=\"has-black-color has-text-color\" style=\"font-size:18px;font-style:normal;font-weight:100\">Kaikille avoin koulutus. Alkaa 9\/2025. Kesto n. 12kk. Hakuaika jatkuva. Teoriaa ja k\u00e4yt\u00e4nt\u00f6\u00e4. L\u00e4hip\u00e4ivi\u00e4 ja et\u00e4yhteydell\u00e4. Mentorin tuki. Koulutus on maksullinen. Lis\u00e4tietoja koulutuksesta l\u00f6yd\u00e4t<mark style=\"background-color:rgba(0, 0, 0, 0)\" class=\"has-inline-color has-luminous-vivid-amber-color\"> <\/mark><span style=\"text-decoration: underline;\"><em><a href=\"https:\/\/www.acrosstribe.org\/?course=wordpress-courses\"><mark style=\"background-color:rgba(0, 0, 0, 0)\" class=\"has-inline-color has-luminous-vivid-amber-color\">t\u00e4st\u00e4<\/mark><\/a><\/em><\/span><\/p>\n\n\n\n<div class=\"wp-block-buttons is-layout-flex wp-block-buttons-is-layout-flex\">\n<div class=\"wp-block-button is-style-outline is-style-outline--3\"><a class=\"wp-block-button__link has-vivid-cyan-blue-color has-text-color has-background has-link-color wp-element-button\" style=\"border-radius:0px;background-color:#fbfbfb\"> AcT -M1 \/ Seurakuntapalvelija UMC:<\/a><\/div>\n<\/div>\n\n\n\n<p class=\"has-black-color has-text-color\" style=\"font-size:18px;font-style:normal;font-weight:300\">Seurakuntapalvelija \/ UMC ( OnLine ) on kaikille avoin seurakuntaty\u00f6n koulutus joka t\u00e4ytt\u00e4\u00e4 kansainv\u00e4lisen Metodistikirkon (UMC) suosituksen kaikille seurakuntaty\u00f6ss\u00e4 toimiville. Hakuaika jatkuva.  Koulutus sis\u00e4lt\u00e4\u00e4 Metodistisi\u00e4 opintoja. Lis\u00e4tietoja l\u00f6yd\u00e4t<mark style=\"background-color:rgba(0, 0, 0, 0)\" class=\"has-inline-color has-luminous-vivid-amber-color\"> <\/mark><em><span style=\"text-decoration: underline;\"><a href=\"https:\/\/www.acrosstribe.org\/?course=act-m2-seurakuntatyon-perustutkinto\"><mark style=\"background-color:rgba(0, 0, 0, 0)\" class=\"has-inline-color has-luminous-vivid-amber-color\">t\u00e4st\u00e4<\/mark><\/a><\/span><\/em><\/p>\n\n\n\n<div class=\"wp-block-buttons is-layout-flex wp-block-buttons-is-layout-flex\">\n<div class=\"wp-block-button is-style-outline is-style-outline--4\"><a class=\"wp-block-button__link has-vivid-cyan-blue-color has-text-color has-background has-link-color wp-element-button\" style=\"border-radius:0px;background-color:#fbfbfb\">AcT\u00b4S &#8211; Seurakuntaty\u00f6n peruskurssi:<\/a><\/div>\n<\/div>\n\n\n\n<p class=\"has-black-color has-text-color has-link-color wp-elements-af5c3cd81742ec503d7ddfe235b80194\">AcT\u00b4s  -Seurakuntaty\u00f6nkurssi on kaikille avoin seurakuntaty\u00f6n koulutus joka t\u00e4ytt\u00e4\u00e4 kansainv\u00e4lisen Metodistikirkon (UMC) suosituksen kaikille seurakuntaty\u00f6ss\u00e4 toimiville. Kurssi antaa valmiuksia toimia lahjoillaan eri kristillisten yhteis\u00f6jen ja  seurakuntien ty\u00f6ss\u00e4.<\/p>\n\n\n\n<p class=\"has-black-color has-text-color has-link-color wp-elements-d4e0c7ced77d3bff652fa2186367a472\">Kurssi on avoin kaikille kiinnostuneille. Kurssi pyrit\u00e4\u00e4n pit\u00e4m\u00e4\u00e4n oppijalle kustannuksiltaan edullisena<\/p>\n\n\n\n<hr class=\"wp-block-separator has-text-color has-vivid-cyan-blue-color has-alpha-channel-opacity has-vivid-cyan-blue-background-color has-background is-style-wide\"\/>\n\n\n\n<p class=\"has-black-color has-text-color has-link-color wp-elements-da9d0289d4701853aeec17dd5c3d01f1\" style=\"font-size:18px;font-style:normal;font-weight:300\"><span style=\"text-decoration: underline;\"><\/span><\/p>\n<\/div>\n\n\n\n<div class=\"wp-block-column is-layout-flow wp-block-column-is-layout-flow\" style=\"flex-basis:50%\">\n<div class=\"wp-block-buttons is-layout-flex wp-block-buttons-is-layout-flex\">\n<div class=\"wp-block-button is-style-outline is-style-outline--5\"><a class=\"wp-block-button__link has-vivid-cyan-blue-color has-text-color has-background has-link-color wp-element-button\" style=\"border-radius:0px;background-color:#f3f3f3\">AcT -Lyhyt Kurssit:<\/a><\/div>\n<\/div>\n\n\n\n<p class=\"has-black-color has-text-color has-link-color wp-elements-0d1e978d32a19cd12e2d14d553b3a5f4\" style=\"font-size:18px;font-style:normal;font-weight:300\">Act &#8211; Koulutus muutti Helsinkiin\/ Punavuoreen.. Remontoimme koulutus -\/ kurssitilaa ja aloittelemme uudella kurssitarjonnalla piakkoin. Osaan kursseistamme voi osallistua videoyhteydell\u00e4. Seuraa ilmoitteluamme!<\/p>\n\n\n\n<p><\/p>\n\n\n\n<div class=\"wp-block-buttons is-layout-flex wp-block-buttons-is-layout-flex\">\n<div class=\"wp-block-button is-style-outline is-style-outline--6\"><a class=\"wp-block-button__link has-vivid-cyan-blue-color has-text-color has-background has-link-color wp-element-button\" style=\"background-color:#f8f8f8\">Uskon ABC 2.0: ( OnLine )<\/a><\/div>\n<\/div>\n\n\n\n<p class=\"has-black-color has-text-color has-link-color wp-elements-266b0d922252663bfc40c8b7da5227f1\">Kurssi toteutetaan ns. Online -kurssina itseopiskellen. Kurssi tarjoaa 11-kerran johdannon kristillisen uskon peruskysymyksiin metodistisella painotuksella. Kukin kerta sis\u00e4lt\u00e4\u00e4 lyhyen opetuksen (video 8 -15min.). Kurssia varten julkaistaan my\u00f6s opiskeluvihko. Kurssi on maksullinen sis. tarvittavan materiaalin. Lis\u00e4tietoja kurssista l\u00f6yd\u00e4t <span style=\"text-decoration: underline;\"><em><a href=\"https:\/\/www.acrosstribe.org\/?course=abc-raaka-2-0\"><mark style=\"background-color:rgba(0, 0, 0, 0)\" class=\"has-inline-color has-luminous-vivid-amber-color\">t\u00e4st\u00e4<\/mark><\/a><\/em><\/span><\/p>\n\n\n\n<hr class=\"wp-block-separator has-text-color has-vivid-cyan-blue-color has-alpha-channel-opacity has-vivid-cyan-blue-background-color has-background is-style-wide\"\/>\n\n\n\n<div class=\"wp-block-columns vk_block-margin-xl--margin-bottom is-layout-flex wp-container-core-columns-is-layout-9d6595d7 wp-block-columns-is-layout-flex\">\n<div class=\"wp-block-column is-layout-flow wp-block-column-is-layout-flow\">\n<figure class=\"wp-block-image size-large is-resized is-style-vk-image-border\"><img data-recalc-dims=\"1\" loading=\"lazy\" decoding=\"async\" width=\"1024\" height=\"699\" src=\"https:\/\/i0.wp.com\/www.acrosstribe.org\/wp-content\/uploads\/2023\/06\/people-g4eb0c2c8b_1920.jpg?resize=1024%2C699&#038;ssl=1\" alt=\"\" class=\"wp-image-7543\" style=\"width:455px;height:auto\" srcset=\"https:\/\/i0.wp.com\/www.acrosstribe.org\/wp-content\/uploads\/2023\/06\/people-g4eb0c2c8b_1920.jpg?resize=1024%2C699&amp;ssl=1 1024w, https:\/\/i0.wp.com\/www.acrosstribe.org\/wp-content\/uploads\/2023\/06\/people-g4eb0c2c8b_1920.jpg?resize=300%2C205&amp;ssl=1 300w, https:\/\/i0.wp.com\/www.acrosstribe.org\/wp-content\/uploads\/2023\/06\/people-g4eb0c2c8b_1920.jpg?resize=768%2C524&amp;ssl=1 768w, https:\/\/i0.wp.com\/www.acrosstribe.org\/wp-content\/uploads\/2023\/06\/people-g4eb0c2c8b_1920.jpg?resize=1536%2C1048&amp;ssl=1 1536w, https:\/\/i0.wp.com\/www.acrosstribe.org\/wp-content\/uploads\/2023\/06\/people-g4eb0c2c8b_1920.jpg?w=1920&amp;ssl=1 1920w\" sizes=\"auto, (max-width: 1024px) 100vw, 1024px\" \/><\/figure>\n\n\n\n<hr class=\"wp-block-separator has-text-color has-vivid-cyan-blue-color has-alpha-channel-opacity has-vivid-cyan-blue-background-color has-background\"\/>\n<\/div>\n<\/div>\n<\/div>\n<\/div>\n\n\n\n<hr class=\"wp-block-separator has-text-color has-vivid-red-color has-alpha-channel-opacity has-vivid-red-background-color has-background\"\/>\n<\/div><\/div>\n\n\n\n<p><\/p>\n","protected":false},"excerpt":{"rendered":"","protected":false},"author":1,"featured_media":7496,"parent":0,"menu_order":0,"comment_status":"closed","ping_status":"closed","template":"","meta":{"vkexunit_cta_each_option":"","footnotes":""},"class_list":["post-6914","page","type-page","status-publish","has-post-thumbnail","hentry"],"jetpack_sharing_enabled":true,"_links":{"self":[{"href":"https:\/\/www.acrosstribe.org\/index.php?rest_route=\/wp\/v2\/pages\/6914","targetHints":{"allow":["GET"]}}],"collection":[{"href":"https:\/\/www.acrosstribe.org\/index.php?rest_route=\/wp\/v2\/pages"}],"about":[{"href":"https:\/\/www.acrosstribe.org\/index.php?rest_route=\/wp\/v2\/types\/page"}],"author":[{"embeddable":true,"href":"https:\/\/www.acrosstribe.org\/index.php?rest_route=\/wp\/v2\/users\/1"}],"replies":[{"embeddable":true,"href":"https:\/\/www.acrosstribe.org\/index.php?rest_route=%2Fwp%2Fv2%2Fcomments&post=6914"}],"version-history":[{"count":120,"href":"https:\/\/www.acrosstribe.org\/index.php?rest_route=\/wp\/v2\/pages\/6914\/revisions"}],"predecessor-version":[{"id":8109,"href":"https:\/\/www.acrosstribe.org\/index.php?rest_route=\/wp\/v2\/pages\/6914\/revisions\/8109"}],"wp:featuredmedia":[{"embeddable":true,"href":"https:\/\/www.acrosstribe.org\/index.php?rest_route=\/wp\/v2\/media\/7496"}],"wp:attachment":[{"href":"https:\/\/www.acrosstribe.org\/index.php?rest_route=%2Fwp%2Fv2%2Fmedia&parent=6914"}],"curies":[{"name":"wp","href":"https:\/\/api.w.org\/{rel}","templated":true}]}}