{"id":8114,"date":"2025-01-22T13:43:00","date_gmt":"2025-01-22T11:43:00","guid":{"rendered":"https:\/\/www.acrosstribe.org\/?page_id=8114"},"modified":"2025-01-22T16:46:45","modified_gmt":"2025-01-22T14:46:45","slug":"avoimet-kurssit","status":"publish","type":"page","link":"https:\/\/www.acrosstribe.org\/?page_id=8114","title":{"rendered":"Lyhyt kurssit"},"content":{"rendered":"\n<hr class=\"wp-block-separator has-text-color has-vivid-cyan-blue-color has-alpha-channel-opacity has-vivid-cyan-blue-background-color has-background is-style-wide\"\/>\n\n\n\n<figure class=\"wp-block-image size-full is-resized is-style-vk-image-shadow\"><img data-recalc-dims=\"1\" loading=\"lazy\" decoding=\"async\" width=\"1000\" height=\"250\" src=\"https:\/\/i0.wp.com\/www.acrosstribe.org\/wp-content\/uploads\/2022\/05\/cropped-white-ga3d7d8365_1920.jpg?resize=1000%2C250&#038;ssl=1\" alt=\"\" class=\"wp-image-6876\" style=\"object-fit:cover;width:1900px;height:300px\" srcset=\"https:\/\/i0.wp.com\/www.acrosstribe.org\/wp-content\/uploads\/2022\/05\/cropped-white-ga3d7d8365_1920.jpg?w=1000&amp;ssl=1 1000w, https:\/\/i0.wp.com\/www.acrosstribe.org\/wp-content\/uploads\/2022\/05\/cropped-white-ga3d7d8365_1920.jpg?resize=300%2C75&amp;ssl=1 300w, https:\/\/i0.wp.com\/www.acrosstribe.org\/wp-content\/uploads\/2022\/05\/cropped-white-ga3d7d8365_1920.jpg?resize=768%2C192&amp;ssl=1 768w\" sizes=\"auto, (max-width: 1000px) 100vw, 1000px\" \/><\/figure>\n\n\n\n<hr class=\"wp-block-separator has-text-color has-vivid-cyan-blue-color has-alpha-channel-opacity has-vivid-cyan-blue-background-color has-background is-style-wide\"\/>\n\n\n\n<p class=\"has-black-color has-text-color has-link-color wp-elements-fd3f2bca1980898c1589c41094647dab\" style=\"font-style:normal;font-weight:200\">Lyhyt kursseilla k\u00e4sitel\u00e4\u00e4n erilaisia el\u00e4m\u00e4\u00e4n, sis\u00e4iseen hyvinvointiin, uskontoon, ymp\u00e4r\u00f6iv\u00e4\u00e4n maailmaan ja ihmissuhteissin liittyvi\u00e4 aiheita. Osa kursseista on maksullisia oasa ilmaisia. kursseille on yleens\u00e4 ilmoitauduttava ennakkoon. Kursseja pidet\u00e4\u00e4n p\u00e4\u00e4s\u00e4\u00e4nt\u00f6isesti pieness\u00e4 ryhm\u00e4ss\u00e4 ( max 20 hl\u00f6 ) Helsingiss\u00e4 AcT.n koulutustiloissa Punavuoressa. Osa kursien aiheista on niin laajoja ett\u00e4  kurssin kesto voi olla 1 -3 osainen. Kursseihin p\u00e4\u00e4see mukaan my\u00f6s Zoom -videoyhteydell\u00e4, joten voit osallistua my\u00f6s kotoa k\u00e4sin. Seuraa tapahtuma ilmoituksia. Webinaarien tiedotteet tulevat my\u00f6s etusivulle n\u00e4kyviin. <\/p>\n\n\n\n<p class=\"has-link-color wp-elements-ae65690be3f31464f006de719f2478c2\" style=\"font-style:normal;font-weight:200\">Tervetuloa mukaan!<\/p>\n\n\n\n<hr class=\"wp-block-separator has-text-color has-vivid-red-color has-alpha-channel-opacity has-vivid-red-background-color has-background\"\/>\n\n\n\n<div class=\"wp-block-vk-blocks-slider swiper swiper-container vk_slider vk_slider_5a246b68-e6e9-4809-95a0-3b340c9ddd10\" data-vkb-slider=\"{&quot;autoPlay&quot;:true,&quot;autoPlayStop&quot;:false,&quot;autoPlayDelay&quot;:2500,&quot;pagination&quot;:&quot;bullets&quot;,&quot;blockId&quot;:&quot;5a246b68-e6e9-4809-95a0-3b340c9ddd10&quot;,&quot;loop&quot;:true,&quot;effect&quot;:&quot;slide&quot;,&quot;speed&quot;:500,&quot;slidesPerViewMobile&quot;:1,&quot;slidesPerViewTablet&quot;:1,&quot;slidesPerViewPC&quot;:1,&quot;slidesPerGroup&quot;:&quot;one-by-one&quot;,&quot;centeredSlides&quot;:false}\"><div class=\"swiper-wrapper\"><\/div><div class=\"swiper-button-next swiper-button-mobile-bottom\"><\/div><div class=\"swiper-button-prev swiper-button-mobile-bottom\"><\/div><div class=\"swiper-pagination swiper-pagination-bullets\"><\/div><\/div>\n\n\n\n<p><\/p>\n<section class=\"veu_contact veu_contentAddSection vk_contact veu_card veu_contact-layout-horizontal\"><div class=\"contact_frame veu_card_inner\"><p class=\"contact_txt\"><span class=\"contact_txt_catch\">Soita \/ Call:<\/span><span class=\"contact_txt_tel veu_color_txt_key\"><i class=\"contact_txt_tel_icon fas fa-phone\"><\/i>Huom! Yhteydenotot s\u00e4hk\u00f6postitse<\/span><span class=\"contact_txt_time\">Toimisto avoinna 10:00 - 15:00 ( Ma -Pe ) Office hours 10:00 - 15:00 [ Weekdays ]<\/span><\/p><a href=\"https:\/\/www.acrosstribe.org\/?page_id=136\u2197\" target=\"_blank\" class=\"btn btn-primary btn-lg contact_bt\"><span class=\"contact_bt_txt\"><i class=\"fa-regular fa-envelope\"><\/i> Contact Us \/ Ota yhteytt\u00e4 <i class=\"fa-regular fa-circle-right\"><\/i><\/span><\/a><\/div><\/section>","protected":false},"excerpt":{"rendered":"<p>Lyhyt kursseilla k\u00e4sitel\u00e4\u00e4n erilaisia el\u00e4m\u00e4\u00e4n, sis\u00e4iseen hyvinvointiin, uskontoon, ymp\u00e4r\u00f6iv\u00e4\u00e4n maailmaan ja ihmissuhteissin liittyvi\u00e4 aiheita. Osa kursseista on maksullisia oasa ilmaisia. kursseille on yleens\u00e4 ilmoitauduttava ennakkoon. Kursseja pidet\u00e4\u00e4n p\u00e4\u00e4s\u00e4\u00e4nt\u00f6isesti pieness\u00e4 ryhm\u00e4ss\u00e4 [&hellip;]<\/p>\n","protected":false},"author":1,"featured_media":6877,"parent":0,"menu_order":0,"comment_status":"closed","ping_status":"closed","template":"","meta":{"sns_share_botton_hide":"","vkExUnit_sns_title":"","_vk_print_noindex":"","sitemap_hide":"","vkExUnit_sitemap":"","_veu_custom_css":"","veu_display_promotion_alert":"common","_exclude_from_list_pages":"","vkexunit_cta_each_option":"","vkExUnit_childPageIndex":"","vkExUnit_pageList_ancestor":"","vkExUnit_contact_enable":"on","_lightning_design_setting":{"layout":"col-one"},"footnotes":""},"class_list":["post-8114","page","type-page","status-publish","has-post-thumbnail","hentry"],"veu_head_title_object":{"title":"","add_site_title":""},"jetpack_sharing_enabled":true,"_links":{"self":[{"href":"https:\/\/www.acrosstribe.org\/index.php?rest_route=\/wp\/v2\/pages\/8114","targetHints":{"allow":["GET"]}}],"collection":[{"href":"https:\/\/www.acrosstribe.org\/index.php?rest_route=\/wp\/v2\/pages"}],"about":[{"href":"https:\/\/www.acrosstribe.org\/index.php?rest_route=\/wp\/v2\/types\/page"}],"author":[{"embeddable":true,"href":"https:\/\/www.acrosstribe.org\/index.php?rest_route=\/wp\/v2\/users\/1"}],"replies":[{"embeddable":true,"href":"https:\/\/www.acrosstribe.org\/index.php?rest_route=%2Fwp%2Fv2%2Fcomments&post=8114"}],"version-history":[{"count":6,"href":"https:\/\/www.acrosstribe.org\/index.php?rest_route=\/wp\/v2\/pages\/8114\/revisions"}],"predecessor-version":[{"id":8129,"href":"https:\/\/www.acrosstribe.org\/index.php?rest_route=\/wp\/v2\/pages\/8114\/revisions\/8129"}],"wp:featuredmedia":[{"embeddable":true,"href":"https:\/\/www.acrosstribe.org\/index.php?rest_route=\/wp\/v2\/media\/6877"}],"wp:attachment":[{"href":"https:\/\/www.acrosstribe.org\/index.php?rest_route=%2Fwp%2Fv2%2Fmedia&parent=8114"}],"curies":[{"name":"wp","href":"https:\/\/api.w.org\/{rel}","templated":true}]}}